{"id":22,"date":"2016-02-12T08:11:05","date_gmt":"2016-02-12T08:11:05","guid":{"rendered":"http:\/\/demos.famethemes.com\/onepress\/?page_id=22"},"modified":"2024-08-08T17:38:40","modified_gmt":"2024-08-08T17:38:40","slug":"our-vision","status":"publish","type":"page","link":"https:\/\/followthewaymission.com\/es\/our-vision\/","title":{"rendered":"Our Vision: to make disciples that make disciples"},"content":{"rendered":"<p><img fetchpriority=\"high\" decoding=\"async\" class=\"wp-image-2230 aligncenter\" src=\"https:\/\/followthewaymission.com\/wp-content\/uploads\/2024\/08\/fsmily-pic-e1723138501509-300x186.jpg\" alt=\"\" width=\"510\" height=\"316\" srcset=\"https:\/\/followthewaymission.com\/wp-content\/uploads\/2024\/08\/fsmily-pic-e1723138501509-300x186.jpg 300w, https:\/\/followthewaymission.com\/wp-content\/uploads\/2024\/08\/fsmily-pic-e1723138501509-1024x634.jpg 1024w, https:\/\/followthewaymission.com\/wp-content\/uploads\/2024\/08\/fsmily-pic-e1723138501509-768x476.jpg 768w, https:\/\/followthewaymission.com\/wp-content\/uploads\/2024\/08\/fsmily-pic-e1723138501509-18x12.jpg 18w, https:\/\/followthewaymission.com\/wp-content\/uploads\/2024\/08\/fsmily-pic-e1723138501509.jpg 1440w\" sizes=\"(max-width: 510px) 100vw, 510px\" \/><\/p>\n<p>La mayor\u00eda de los cristianos conocen del encanto y la belleza de Francia, pero muy pocos comprenden la profunda necesidad espiritual de la que es una de las naciones menos evangelizadas del mundo.  Mientras que Francia es realmente hermosa y atractiva, a nivel espiritual es oscura y poco atractiva.<\/p>\n<p>Francia es una sociedad post-cristiana y post-moderna, con s\u00f3lo seis cristianos evang\u00e9licos por cada 1.000 habitantes.  El Islam se ha convertido en la segunda religi\u00f3n m\u00e1s grande despu\u00e9s del catolicismo, pero s\u00f3lo una peque\u00f1a minor\u00eda de los 4,5 millones de musulmanes han escuchado el evangelio. El secularismo oficial enmascara un gran hambre espiritual, ya que muchas personas recurren a m\u00e9diums y pr\u00e1cticas ocultas en su b\u00fasqueda de esperanza y significado en sus vidas.  Espiritistas, curanderos, la brujer\u00eda, astrolog\u00eda, misticismo ancestral y todo tipo de pr\u00e1cticas ocultas atraen f\u00e1cilmente a la poblaci\u00f3n francesa.<\/p>\n<p>S\u00ed, hay todo tipo de oposici\u00f3n. Sin embargo, al mismo tiempo percibimos una gran oportunidad. El Esp\u00edritu Santo est\u00e1 trabajando en muchas vidas, y todo lo que tenemos que hacer es asociarnos con lo que \u00c9l ya est\u00e1 haciendo en esta influyente naci\u00f3n.<\/p>\n<p>We are uniquely qualified and called to reach this community.\u00a0 We know France. My wife Emily is French, she grew up here, study and worked here, and know the language. Our girls were all born here.<\/p>\n<p>Nuestra experiencia pasada como familia viviendo en el extranjero, as\u00ed como el hecho de que Cristian no sea latino, han sido vitales para ayudarnos a entender y construir una relaci\u00f3n con los inmigrantes, y tambi\u00e9n con nuestros vecinos franceses.<\/p>\n<p>Como misioneros hemos sido entrenados para alcanzar a aquellos que nunca querr\u00edan entrar en una iglesia.  Y estamos familiarizados en evangelizar en pa\u00edses donde no lo podemos hacer p\u00fablicamente, y no nos incomoda.<\/p>\n<p>Estamos acostumbrados a la diversidad cultural y hablamos diferentes idiomas.<\/p>\n<p>Hacer disc\u00edpulos es algo que hemos estado practicando durante a\u00f1os.<\/p>\n<p>Tenemos el apoyo de otros l\u00edderes locales.<\/p>\n<p>Nuestro coraz\u00f3n es llegar a esta naci\u00f3n... juntos.<\/p>\n<p>Emilie y yo ya hemos dado todo para llegar hasta aqu\u00ed.  Para ayudarnos financieramente hemos lanzado un negocio de micro empresa para complementar los ingresos que necesitamos para funcionar.  Equilibrar el tiempo y la energ\u00eda es un sacrificio, pero estamos completamente entregados a esta visi\u00f3n.<\/p>\n<p>Nuestro objetivo no es s\u00f3lo un evento aislado o un \"pantallazo\". Nos hemos preparado diligentemente para el largo plazo. Estamos aqu\u00ed para hacer disc\u00edpulos de Jes\u00fas en Francia, y somos consientes del desaf\u00edo y el tiempo que eso puede tomar.  Emilie y yo podemos hacer un impacto, con las pies en este terreno que parace ser duro... con tu ayuda.<\/p>\n<p>Ay\u00fadanos a alcanzar a Francia y ministrar el coraz\u00f3n de una de las naciones m\u00e1s influyentes del mundo.<\/p>\n<p>Help us bring the people of France to Jesus.<\/p>\n<p><a role=\"button\" href=\"https:\/\/followthewaymission.com\/es\/our-history\/\"><br \/>\nNuestra Historia<br \/>\n<\/a><br \/>\n<a role=\"button\" href=\"https:\/\/followthewaymission.com\/es\/\"><br \/>\nVolver<br \/>\n<\/a><\/p>","protected":false},"excerpt":{"rendered":"<p>La necesidad de obreros nunca ha sido mayor. Como misioneros que desean profundamente dar a conocer a Cristo, nuestra oraci\u00f3n es que se sientan movidos a actuar de alguna manera para apoyar los esfuerzos para llegar con el evangelio a Francia, ya sea a trav\u00e9s de la oraci\u00f3n de intercesi\u00f3n o con apoyo financiero. [...leer m\u00e1s]<\/p>","protected":false},"author":1,"featured_media":2230,"parent":0,"menu_order":0,"comment_status":"closed","ping_status":"closed","template":"","meta":{"footnotes":""},"class_list":["post-22","page","type-page","status-publish","has-post-thumbnail","hentry"],"_links":{"self":[{"href":"https:\/\/followthewaymission.com\/es\/wp-json\/wp\/v2\/pages\/22","targetHints":{"allow":["GET"]}}],"collection":[{"href":"https:\/\/followthewaymission.com\/es\/wp-json\/wp\/v2\/pages"}],"about":[{"href":"https:\/\/followthewaymission.com\/es\/wp-json\/wp\/v2\/types\/page"}],"author":[{"embeddable":true,"href":"https:\/\/followthewaymission.com\/es\/wp-json\/wp\/v2\/users\/1"}],"replies":[{"embeddable":true,"href":"https:\/\/followthewaymission.com\/es\/wp-json\/wp\/v2\/comments?post=22"}],"version-history":[{"count":27,"href":"https:\/\/followthewaymission.com\/es\/wp-json\/wp\/v2\/pages\/22\/revisions"}],"predecessor-version":[{"id":2239,"href":"https:\/\/followthewaymission.com\/es\/wp-json\/wp\/v2\/pages\/22\/revisions\/2239"}],"wp:featuredmedia":[{"embeddable":true,"href":"https:\/\/followthewaymission.com\/es\/wp-json\/wp\/v2\/media\/2230"}],"wp:attachment":[{"href":"https:\/\/followthewaymission.com\/es\/wp-json\/wp\/v2\/media?parent=22"}],"curies":[{"name":"wp","href":"https:\/\/api.w.org\/{rel}","templated":true}]}}