{"id":1889,"date":"2020-08-27T15:21:52","date_gmt":"2020-08-27T15:21:52","guid":{"rendered":"https:\/\/www.thelobosfam.com\/?page_id=1889"},"modified":"2020-09-02T14:24:48","modified_gmt":"2020-09-02T14:24:48","slug":"evangelicals","status":"publish","type":"page","link":"https:\/\/followthewaymission.com\/es\/evangelicals\/","title":{"rendered":"Evang\u00e9licos en Francia"},"content":{"rendered":"<div data-elementor-type=\"wp-page\" data-elementor-id=\"1889\" class=\"elementor elementor-1889\">\n\t\t\t\t\t\t<section class=\"elementor-section elementor-top-section elementor-element elementor-element-210b842 elementor-section-boxed elementor-section-height-default elementor-section-height-default\" data-id=\"210b842\" data-element_type=\"section\">\n\t\t\t\t\t\t<div class=\"elementor-container elementor-column-gap-default\">\n\t\t\t\t\t<div class=\"elementor-column elementor-col-100 elementor-top-column elementor-element elementor-element-549e337 elementor-invisible\" data-id=\"549e337\" data-element_type=\"column\" data-settings=\"{&quot;animation&quot;:&quot;fadeInUp&quot;}\">\n\t\t\t<div class=\"elementor-widget-wrap elementor-element-populated\">\n\t\t\t\t\t\t<div class=\"elementor-element elementor-element-ac46ae9 elementor-widget elementor-widget-image\" data-id=\"ac46ae9\" data-element_type=\"widget\" data-widget_type=\"image.default\">\n\t\t\t\t<div class=\"elementor-widget-container\">\n\t\t\t\t\t\t\t\t\t\t\t\t\t\t\t<img fetchpriority=\"high\" decoding=\"async\" width=\"1536\" height=\"535\" src=\"https:\/\/followthewaymission.com\/wp-content\/uploads\/2020\/08\/map-scaled-1536x535.jpg\" class=\"attachment-1536x1536 size-1536x1536 wp-image-1836\" alt=\"\" srcset=\"https:\/\/followthewaymission.com\/wp-content\/uploads\/2020\/08\/map-scaled-1536x535.jpg 1536w, https:\/\/followthewaymission.com\/wp-content\/uploads\/2020\/08\/map-scaled-300x105.jpg 300w, https:\/\/followthewaymission.com\/wp-content\/uploads\/2020\/08\/map-scaled-1024x357.jpg 1024w, https:\/\/followthewaymission.com\/wp-content\/uploads\/2020\/08\/map-scaled-768x268.jpg 768w, https:\/\/followthewaymission.com\/wp-content\/uploads\/2020\/08\/map-scaled-2048x714.jpg 2048w, https:\/\/followthewaymission.com\/wp-content\/uploads\/2020\/08\/map-scaled-16x6.jpg 16w\" sizes=\"(max-width: 1536px) 100vw, 1536px\" \/>\t\t\t\t\t\t\t\t\t\t\t\t\t\t\t<\/div>\n\t\t\t\t<\/div>\n\t\t\t\t<div class=\"elementor-element elementor-element-2623f0a elementor-widget elementor-widget-text-editor\" data-id=\"2623f0a\" data-element_type=\"widget\" data-widget_type=\"text-editor.default\">\n\t\t\t\t<div class=\"elementor-widget-container\">\n\t\t\t\t\t\t\t\t\t<p><strong style=\"color: var( --e-global-color-text ); font-family: var( --e-global-typography-text-font-family ); font-size: var( --e-global-typography-text-font-size ); font-style: var( --e-global-typography-text-font-style ); letter-spacing: var( --e-global-typography-text-letter-spacing ); text-transform: var( --e-global-typography-text-text-transform );\">La religi\u00f3n es vista como algo negativo.\u00a0\u00a0<\/strong><span style=\"color: var( --e-global-color-text ); font-family: var( --e-global-typography-text-font-family ); font-size: var( --e-global-typography-text-font-size ); font-style: var( --e-global-typography-text-font-style ); font-weight: var( --e-global-typography-text-font-weight ); letter-spacing: var( --e-global-typography-text-letter-spacing ); text-transform: var( --e-global-typography-text-text-transform );\">De hecho, el pueblo franc\u00e9s ha estado \"asqueada\" del dominio cat\u00f3lico romano durante siglos, y la democracia fue vista como la liberaci\u00f3n del control de la iglesia cat\u00f3lica romana. As\u00ed que la religi\u00f3n es tolerada, pero los evang\u00e9licos viven en una sociedad secular donde la \"fe\" es considerada un asunto \"privado\" (es el principio de la \"la\u00efcit\u00e9\").  Y el evangelismo es por lo tanto mal visto por las autoridades locales y por una parte de sociedad, incluyendo cristianos, que prefieren evitar cualquier tipo de proselitismo.<\/span><\/p><p>El ocultismo, sin embargo, est\u00e1 muy difundido y propagado, y es aceptado mucho m\u00e1s que el cristianismo en Francia. Las estad\u00edsticas muestran que los m\u00e9diums, curanderos y adivinos ganan tanto dinero como los m\u00e9dicos. Hay m\u00e1s trabajadores ocultistas registrados oficialmente en Francia, que pastores (m\u00e1s de 30.000 m\u00e9diums y curanderos espirituales legalizados).<\/p><p>Alrededor de la mitad de la poblaci\u00f3n francesa cree en los curanderos, y una cuarta parte pone su fe en los videntes, ps\u00edquicos y espiritistas.\u00a0 Se estima que 10 millones de personas pagan alrededor de 40 mil millones de d\u00f3lares en consultas de ocultismo.  \u00a1Tres veces la cantidad que pagan a sus m\u00e9dicos de cabecera!<\/p><p>El tama\u00f1o promedio de una iglesia evang\u00e9lica en Francia hoy, es de unas 50 personas en las grandes ciudades. En la regi\u00f3n donde vivimos, la mayor\u00eda de las iglesias tienen entre 10 y 40 personas. Muchas iglesias hoy en d\u00eda se enfrentan a la discriminaci\u00f3n cuando buscan un espacio m\u00e1s grande para albergar a sus congregaciones porque los propietarios no quieren alquilar a las iglesias por miedo al ruido, a la imagen p\u00fablica y a ser vistos como fan\u00e1ticos.<\/p><p><span style=\"color: var( --e-global-color-text ); font-family: var( --e-global-typography-text-font-family ); font-size: var( --e-global-typography-text-font-size ); font-weight: var( --e-global-typography-text-font-weight ); letter-spacing: var( --e-global-typography-text-letter-spacing );\">Hay 36.551 ciudades\/pueblos\/aldeas en Francia. La gran mayor\u00eda de ellas (35.000) no tienen una comunidad de discipulos de Jes\u00fas. Este n\u00famero se interpreta mejor a la luz de las estad\u00edsticas anteriores, ya que Francia tiene muchos miles de peque\u00f1os pueblos que todav\u00eda se consideran comunas, pero cuyos habitantes est\u00e1n acostumbrados a frecuentar los pueblos cercanos para hacer actividades rutinarias (y que no necesitar\u00edan una iglesia en su propio pueblo, sino que podr\u00edan ir a la iglesia de un pueblo m\u00e1s grande). Todav\u00eda hay m\u00e1s de 300 pueblos con al menos 10.000 habitantes que no tienen ninguna asamblea o ecclesia de creyentes existente.<\/span><\/p><p>Aunque los evang\u00e9licos franceses son vistos como parte de un culto, y aunque siguen siendo una minor\u00eda, hoy en d\u00eda son alrededor del 1%.\u00a0 Esto ya es el doble del 0,5% - 0,8% conocido en a\u00f1os anteriores, lo que demuestra que la tasa de crecimiento est\u00e1 aumentando, en particular entre los pentecostales y carism\u00e1ticos.<\/p><p>Las relaciones con el gobierno han mejorado ligeramente, sin embargo, los gobiernos locales siguen tratando a las iglesias \"caso por caso\", y las decisiones se toman a menudo sobre la base de la opini\u00f3n personal del alcalde sobre la religi\u00f3n.<\/p><p>\u00a0<\/p><p><em>* Adaptado, de Impact France (Parte de la siguiente informaci\u00f3n procede de los sitios web de Operaci\u00f3n Movilizaci\u00f3n y Misi\u00f3n Francia).<\/em><\/p>\t\t\t\t\t\t\t\t<\/div>\n\t\t\t\t<\/div>\n\t\t\t\t\t<\/div>\n\t\t<\/div>\n\t\t\t\t\t<\/div>\n\t\t<\/section>\n\t\t\t\t<section class=\"elementor-section elementor-top-section elementor-element elementor-element-4477374 elementor-section-boxed elementor-section-height-default elementor-section-height-default\" data-id=\"4477374\" data-element_type=\"section\">\n\t\t\t\t\t\t<div class=\"elementor-container elementor-column-gap-default\">\n\t\t\t\t\t<div class=\"elementor-column elementor-col-100 elementor-top-column elementor-element elementor-element-f19c131\" data-id=\"f19c131\" data-element_type=\"column\">\n\t\t\t<div class=\"elementor-widget-wrap elementor-element-populated\">\n\t\t\t\t\t\t<div class=\"elementor-element elementor-element-4d5bd19 elementor-widget elementor-widget-spacer\" data-id=\"4d5bd19\" data-element_type=\"widget\" data-widget_type=\"spacer.default\">\n\t\t\t\t<div class=\"elementor-widget-container\">\n\t\t\t\t\t\t\t<div class=\"elementor-spacer\">\n\t\t\t<div class=\"elementor-spacer-inner\"><\/div>\n\t\t<\/div>\n\t\t\t\t\t\t<\/div>\n\t\t\t\t<\/div>\n\t\t\t\t<div class=\"elementor-element elementor-element-84c8f17 elementor-widget-divider--view-line elementor-widget elementor-widget-divider\" data-id=\"84c8f17\" data-element_type=\"widget\" data-widget_type=\"divider.default\">\n\t\t\t\t<div class=\"elementor-widget-container\">\n\t\t\t\t\t\t\t<div class=\"elementor-divider\">\n\t\t\t<span class=\"elementor-divider-separator\">\n\t\t\t\t\t\t<\/span>\n\t\t<\/div>\n\t\t\t\t\t\t<\/div>\n\t\t\t\t<\/div>\n\t\t\t\t<div class=\"elementor-element elementor-element-7090c18 elementor-button-info elementor-align-center elementor-widget elementor-widget-button\" data-id=\"7090c18\" data-element_type=\"widget\" data-widget_type=\"button.default\">\n\t\t\t\t<div class=\"elementor-widget-container\">\n\t\t\t\t\t\t\t\t\t<div class=\"elementor-button-wrapper\">\n\t\t\t\t\t<a class=\"elementor-button elementor-button-link elementor-size-md\" href=\"https:\/\/followthewaymission.com\/es\/\">\n\t\t\t\t\t\t<span class=\"elementor-button-content-wrapper\">\n\t\t\t\t\t\t\t\t\t<span class=\"elementor-button-text\">Volver<\/span>\n\t\t\t\t\t<\/span>\n\t\t\t\t\t<\/a>\n\t\t\t\t<\/div>\n\t\t\t\t\t\t\t\t<\/div>\n\t\t\t\t<\/div>\n\t\t\t\t\t<\/div>\n\t\t<\/div>\n\t\t\t\t\t<\/div>\n\t\t<\/section>\n\t\t\t\t<\/div>","protected":false},"excerpt":{"rendered":"<p>Religion is viewed as something negative.\u00a0\u00a0In fact, French people have been \u2018disgusted\u2019 by Roman Catholic dominance for centuries and democracy was seen as liberation from the Roman Catholic church. So &#8230;<\/p>","protected":false},"author":1,"featured_media":0,"parent":0,"menu_order":0,"comment_status":"closed","ping_status":"closed","template":"","meta":{"footnotes":""},"class_list":["post-1889","page","type-page","status-publish","hentry"],"_links":{"self":[{"href":"https:\/\/followthewaymission.com\/es\/wp-json\/wp\/v2\/pages\/1889","targetHints":{"allow":["GET"]}}],"collection":[{"href":"https:\/\/followthewaymission.com\/es\/wp-json\/wp\/v2\/pages"}],"about":[{"href":"https:\/\/followthewaymission.com\/es\/wp-json\/wp\/v2\/types\/page"}],"author":[{"embeddable":true,"href":"https:\/\/followthewaymission.com\/es\/wp-json\/wp\/v2\/users\/1"}],"replies":[{"embeddable":true,"href":"https:\/\/followthewaymission.com\/es\/wp-json\/wp\/v2\/comments?post=1889"}],"version-history":[{"count":11,"href":"https:\/\/followthewaymission.com\/es\/wp-json\/wp\/v2\/pages\/1889\/revisions"}],"predecessor-version":[{"id":2131,"href":"https:\/\/followthewaymission.com\/es\/wp-json\/wp\/v2\/pages\/1889\/revisions\/2131"}],"wp:attachment":[{"href":"https:\/\/followthewaymission.com\/es\/wp-json\/wp\/v2\/media?parent=1889"}],"curies":[{"name":"wp","href":"https:\/\/api.w.org\/{rel}","templated":true}]}}