{"id":1605,"date":"2020-08-12T12:46:40","date_gmt":"2020-08-12T12:46:40","guid":{"rendered":"https:\/\/www.thelobosfam.com\/?page_id=1605"},"modified":"2022-03-09T14:56:18","modified_gmt":"2022-03-09T14:56:18","slug":"about","status":"publish","type":"page","link":"https:\/\/followthewaymission.com\/es\/about\/","title":{"rendered":"About us"},"content":{"rendered":"<div data-elementor-type=\"wp-page\" data-elementor-id=\"1605\" class=\"elementor elementor-1605\">\n\t\t\t\t\t\t<section class=\"elementor-section elementor-top-section elementor-element elementor-element-286d196 elementor-section-boxed elementor-section-height-default elementor-section-height-default\" data-id=\"286d196\" data-element_type=\"section\">\n\t\t\t\t\t\t<div class=\"elementor-container elementor-column-gap-default\">\n\t\t\t\t\t<div class=\"elementor-column elementor-col-100 elementor-top-column elementor-element elementor-element-6946b9dc\" data-id=\"6946b9dc\" data-element_type=\"column\">\n\t\t\t<div class=\"elementor-widget-wrap elementor-element-populated\">\n\t\t\t\t\t\t<div class=\"elementor-element elementor-element-666a845 elementor-widget elementor-widget-heading\" data-id=\"666a845\" data-element_type=\"widget\" data-widget_type=\"heading.default\">\n\t\t\t\t<div class=\"elementor-widget-container\">\n\t\t\t\t\t<h6 class=\"elementor-heading-title elementor-size-xl\"><br>Qui\u00e9nes somos<\/h6>\t\t\t\t<\/div>\n\t\t\t\t<\/div>\n\t\t\t\t<div class=\"elementor-element elementor-element-4c8a5aac elementor-widget elementor-widget-text-editor\" data-id=\"4c8a5aac\" data-element_type=\"widget\" data-widget_type=\"text-editor.default\">\n\t\t\t\t<div class=\"elementor-widget-container\">\n\t\t\t\t\t\t\t\t\t<p><\/p>\n<p>Casados desde 2008, nos encanta servir a Dios como familia. Cristian (Cris) naci\u00f3 en Chile y es licenciado en an\u00e1lisis de sistemas inform\u00e1ticos. Recientemente obtuvo un diploma CELTA como tutor de ingl\u00e9s de Cambridge. Fue a la Escuela B\u00edblica en Texas, y tiene un t\u00edtulo en Ministerios de Misiones Transculturales del Instituto Cristo para las Naciones, en Dallas, Texas.\u00a0<\/p>\n<p>Casados desde 2008, nos encanta servir a Dios en familia. Cristian (Cris) naci\u00f3 en Chile y es licenciado en an\u00e1lisis de sistemas inform\u00e1ticos. Recientemente obtuvo un diploma CELTA como tutor de ingl\u00e9s de Cambridge.  Tiene un diploma en Ministerios de Misiones Transculturales de Cristo para las Naciones, en Dallas, Texas. Sus primeras experiencias misioneras fueron con Operaci\u00f3n Movilizaci\u00f3n en Chile y Argentina. Desde 1999 ha estado ligado a Juventud Con Una Misi\u00f3n. Primero en Espa\u00f1a, luego en EE.UU., China, y con Call to All en Tailandia.  En cuanto a las escuelas secundarias en JUCUM, Cris fue a la Escuela de la Biblia en Tyler, TX, y a la Escuela de la Biblia para las Naciones en Madison, WI. Adem\u00e1s, ha estado involucrado en iniciativas pioneras de intercesi\u00f3n con 24\/7 Prayer y casas de oraci\u00f3n, as\u00ed como dirigiendo la adoraci\u00f3n, el pastorado de j\u00f3venes y la plantaci\u00f3n de iglesias.  Tambi\u00e9n trabajo con el ministerio Avivamiento Chino traficando biblias en China.  Cristian habla varios idiomas: Ingl\u00e9s, espa\u00f1ol, portugu\u00e9s, chino, algunos tailandeses tambi\u00e9n.  Recientemente obtuvo un certificado de nivel C1-C2 en franc\u00e9s.<\/p>\n<p><\/p>\n<p><\/p>\n<p>Emilie was born in France. Her degree is from a French school in Tourism. Emilie joined YWAM in 2010. After completing her DTS IN Colorado, she graduated from the Bible School for the Nations, in Perth, Australia. She has a talent for scrapbooking.\u00a0We both love being parents to Nina (2009), Jolaine (2012), and Anaelle (2018). The girls are homeschooled and participate in different arts and sports activities.<\/p>\n<p><\/p>\n<p><\/p>\n<p><br \/>Since 2017 we live in a small town outside the city of Valence, in Rhone-Alpes, France.<\/p>\n<p><\/p>\t\t\t\t\t\t\t\t<\/div>\n\t\t\t\t<\/div>\n\t\t\t\t\t<\/div>\n\t\t<\/div>\n\t\t\t\t\t<\/div>\n\t\t<\/section>\n\t\t\t\t<section class=\"elementor-section elementor-top-section elementor-element elementor-element-6673120 elementor-section-boxed elementor-section-height-default elementor-section-height-default\" data-id=\"6673120\" data-element_type=\"section\">\n\t\t\t\t\t\t<div class=\"elementor-container elementor-column-gap-default\">\n\t\t\t\t\t<div class=\"elementor-column elementor-col-100 elementor-top-column elementor-element elementor-element-d1fc297\" data-id=\"d1fc297\" data-element_type=\"column\">\n\t\t\t<div class=\"elementor-widget-wrap elementor-element-populated\">\n\t\t\t\t\t\t<section class=\"elementor-section elementor-inner-section elementor-element elementor-element-ba41c61 elementor-section-boxed elementor-section-height-default elementor-section-height-default\" data-id=\"ba41c61\" data-element_type=\"section\">\n\t\t\t\t\t\t<div class=\"elementor-container elementor-column-gap-default\">\n\t\t\t\t\t<div class=\"elementor-column elementor-col-50 elementor-inner-column elementor-element elementor-element-019f1ad\" data-id=\"019f1ad\" data-element_type=\"column\">\n\t\t\t<div class=\"elementor-widget-wrap elementor-element-populated\">\n\t\t\t\t\t\t<div class=\"elementor-element elementor-element-d08e504 elementor-align-right elementor-mobile-align-center elementor-widget elementor-widget-button\" data-id=\"d08e504\" data-element_type=\"widget\" data-widget_type=\"button.default\">\n\t\t\t\t<div class=\"elementor-widget-container\">\n\t\t\t\t\t\t\t\t\t<div class=\"elementor-button-wrapper\">\n\t\t\t\t\t<a class=\"elementor-button elementor-button-link elementor-size-sm\" href=\"https:\/\/followthewaymission.com\/es\/our-history\/\">\n\t\t\t\t\t\t<span class=\"elementor-button-content-wrapper\">\n\t\t\t\t\t\t\t\t\t<span class=\"elementor-button-text\">Nuestra Historia<\/span>\n\t\t\t\t\t<\/span>\n\t\t\t\t\t<\/a>\n\t\t\t\t<\/div>\n\t\t\t\t\t\t\t\t<\/div>\n\t\t\t\t<\/div>\n\t\t\t\t\t<\/div>\n\t\t<\/div>\n\t\t\t\t<div class=\"elementor-column elementor-col-50 elementor-inner-column elementor-element elementor-element-f4b64c9\" data-id=\"f4b64c9\" data-element_type=\"column\">\n\t\t\t<div class=\"elementor-widget-wrap elementor-element-populated\">\n\t\t\t\t\t\t<div class=\"elementor-element elementor-element-f411e8a elementor-align-left elementor-mobile-align-center elementor-widget elementor-widget-button\" data-id=\"f411e8a\" data-element_type=\"widget\" data-widget_type=\"button.default\">\n\t\t\t\t<div class=\"elementor-widget-container\">\n\t\t\t\t\t\t\t\t\t<div class=\"elementor-button-wrapper\">\n\t\t\t\t\t<a class=\"elementor-button elementor-button-link elementor-size-sm\" href=\"https:\/\/followthewaymission.com\/es\/our-vision\/\">\n\t\t\t\t\t\t<span class=\"elementor-button-content-wrapper\">\n\t\t\t\t\t\t\t\t\t<span class=\"elementor-button-text\">Nuestra Visi\u00f3n<\/span>\n\t\t\t\t\t<\/span>\n\t\t\t\t\t<\/a>\n\t\t\t\t<\/div>\n\t\t\t\t\t\t\t\t<\/div>\n\t\t\t\t<\/div>\n\t\t\t\t\t<\/div>\n\t\t<\/div>\n\t\t\t\t\t<\/div>\n\t\t<\/section>\n\t\t\t\t\t<\/div>\n\t\t<\/div>\n\t\t\t\t\t<\/div>\n\t\t<\/section>\n\t\t\t\t<section class=\"elementor-section elementor-top-section elementor-element elementor-element-13d320a elementor-section-boxed elementor-section-height-default elementor-section-height-default\" data-id=\"13d320a\" data-element_type=\"section\">\n\t\t\t\t\t\t<div class=\"elementor-container elementor-column-gap-default\">\n\t\t\t\t\t<div class=\"elementor-column elementor-col-100 elementor-top-column elementor-element elementor-element-a74f080\" data-id=\"a74f080\" data-element_type=\"column\">\n\t\t\t<div class=\"elementor-widget-wrap elementor-element-populated\">\n\t\t\t\t\t\t<div class=\"elementor-element elementor-element-cc1d70f elementor-align-center elementor-mobile-align-center elementor-widget elementor-widget-button\" data-id=\"cc1d70f\" data-element_type=\"widget\" data-widget_type=\"button.default\">\n\t\t\t\t<div class=\"elementor-widget-container\">\n\t\t\t\t\t\t\t\t\t<div class=\"elementor-button-wrapper\">\n\t\t\t\t\t<a class=\"elementor-button elementor-button-link elementor-size-sm\" href=\"https:\/\/followthewaymission.com\/es\/\">\n\t\t\t\t\t\t<span class=\"elementor-button-content-wrapper\">\n\t\t\t\t\t\t\t\t\t<span class=\"elementor-button-text\">Volver<\/span>\n\t\t\t\t\t<\/span>\n\t\t\t\t\t<\/a>\n\t\t\t\t<\/div>\n\t\t\t\t\t\t\t\t<\/div>\n\t\t\t\t<\/div>\n\t\t\t\t\t<\/div>\n\t\t<\/div>\n\t\t\t\t\t<\/div>\n\t\t<\/section>\n\t\t\t\t<section class=\"elementor-section elementor-top-section elementor-element elementor-element-426ca96 elementor-section-boxed elementor-section-height-default elementor-section-height-default\" data-id=\"426ca96\" data-element_type=\"section\">\n\t\t\t\t\t\t<div class=\"elementor-container elementor-column-gap-default\">\n\t\t\t\t\t<div class=\"elementor-column elementor-col-100 elementor-top-column elementor-element elementor-element-8f8dade\" data-id=\"8f8dade\" data-element_type=\"column\">\n\t\t\t<div class=\"elementor-widget-wrap elementor-element-populated\">\n\t\t\t\t\t\t<div class=\"elementor-element elementor-element-ab3fd8c elementor-widget elementor-widget-image\" data-id=\"ab3fd8c\" data-element_type=\"widget\" data-widget_type=\"image.default\">\n\t\t\t\t<div class=\"elementor-widget-container\">\n\t\t\t\t\t\t\t\t\t\t\t\t\t\t\t<img fetchpriority=\"high\" decoding=\"async\" width=\"960\" height=\"720\" src=\"https:\/\/followthewaymission.com\/wp-content\/uploads\/2020\/08\/IMG_2648.jpg\" class=\"attachment-1536x1536 size-1536x1536 wp-image-1451\" alt=\"\" srcset=\"https:\/\/followthewaymission.com\/wp-content\/uploads\/2020\/08\/IMG_2648.jpg 960w, https:\/\/followthewaymission.com\/wp-content\/uploads\/2020\/08\/IMG_2648-300x225.jpg 300w, https:\/\/followthewaymission.com\/wp-content\/uploads\/2020\/08\/IMG_2648-768x576.jpg 768w, https:\/\/followthewaymission.com\/wp-content\/uploads\/2020\/08\/IMG_2648-16x12.jpg 16w\" sizes=\"(max-width: 960px) 100vw, 960px\" \/>\t\t\t\t\t\t\t\t\t\t\t\t\t\t\t<\/div>\n\t\t\t\t<\/div>\n\t\t\t\t\t<\/div>\n\t\t<\/div>\n\t\t\t\t\t<\/div>\n\t\t<\/section>\n\t\t\t\t<\/div>","protected":false},"excerpt":{"rendered":"<p class=\"translation-block\">Casados desde 2008, nos encanta servir a Dios  como familia.  Cristian (Cris) naci\u00f3 en Chile y tiene una ...[<a href=\"https:\/\/followthewaymission.com\/es\/about\/\" target=\"_self\">continuar leyendo<\/a>]<\/p>","protected":false},"author":1,"featured_media":1451,"parent":0,"menu_order":0,"comment_status":"closed","ping_status":"closed","template":"elementor_canvas","meta":{"footnotes":""},"class_list":["post-1605","page","type-page","status-publish","has-post-thumbnail","hentry"],"_links":{"self":[{"href":"https:\/\/followthewaymission.com\/es\/wp-json\/wp\/v2\/pages\/1605","targetHints":{"allow":["GET"]}}],"collection":[{"href":"https:\/\/followthewaymission.com\/es\/wp-json\/wp\/v2\/pages"}],"about":[{"href":"https:\/\/followthewaymission.com\/es\/wp-json\/wp\/v2\/types\/page"}],"author":[{"embeddable":true,"href":"https:\/\/followthewaymission.com\/es\/wp-json\/wp\/v2\/users\/1"}],"replies":[{"embeddable":true,"href":"https:\/\/followthewaymission.com\/es\/wp-json\/wp\/v2\/comments?post=1605"}],"version-history":[{"count":24,"href":"https:\/\/followthewaymission.com\/es\/wp-json\/wp\/v2\/pages\/1605\/revisions"}],"predecessor-version":[{"id":2218,"href":"https:\/\/followthewaymission.com\/es\/wp-json\/wp\/v2\/pages\/1605\/revisions\/2218"}],"wp:featuredmedia":[{"embeddable":true,"href":"https:\/\/followthewaymission.com\/es\/wp-json\/wp\/v2\/media\/1451"}],"wp:attachment":[{"href":"https:\/\/followthewaymission.com\/es\/wp-json\/wp\/v2\/media?parent=1605"}],"curies":[{"name":"wp","href":"https:\/\/api.w.org\/{rel}","templated":true}]}}