{"id":1878,"date":"2020-08-20T17:28:22","date_gmt":"2020-08-20T17:28:22","guid":{"rendered":"https:\/\/www.thelobosfam.com\/?page_id=1878"},"modified":"2020-09-12T14:52:51","modified_gmt":"2020-09-12T14:52:51","slug":"sabias-esto-acerca-de-francia","status":"publish","type":"page","link":"https:\/\/followthewaymission.com\/en\/sabias-esto-acerca-de-francia\/","title":{"rendered":"\u00bfSabias esto acerca de Francia?"},"content":{"rendered":"\t\t<div data-elementor-type=\"wp-page\" data-elementor-id=\"1878\" class=\"elementor elementor-1878\">\n\t\t\t\t\t\t<section class=\"elementor-section elementor-top-section elementor-element elementor-element-3bed372 elementor-section-boxed elementor-section-height-default elementor-section-height-default\" data-id=\"3bed372\" data-element_type=\"section\">\n\t\t\t\t\t\t<div class=\"elementor-container elementor-column-gap-default\">\n\t\t\t\t\t<div class=\"elementor-column elementor-col-100 elementor-top-column elementor-element elementor-element-26ed9c8\" data-id=\"26ed9c8\" data-element_type=\"column\">\n\t\t\t<div class=\"elementor-widget-wrap elementor-element-populated\">\n\t\t\t\t\t\t<div class=\"elementor-element elementor-element-b3db4d5 elementor-widget elementor-widget-image\" data-id=\"b3db4d5\" data-element_type=\"widget\" data-widget_type=\"image.default\">\n\t\t\t\t<div class=\"elementor-widget-container\">\n\t\t\t\t\t\t\t\t\t\t\t\t<figure class=\"wp-caption\">\n\t\t\t\t\t\t\t\t\t\t<img decoding=\"async\" src=\"https:\/\/followthewaymission.com\/wp-content\/uploads\/2020\/08\/IMG_2653.jpg\" title=\"\u00bfSABIAS ESTO ACERCA DE FRANCIA?\" alt=\"\u00bfSABIAS ESTO ACERCA DE FRANCIA?\" loading=\"lazy\" \/>\t\t\t\t\t\t\t\t\t\t\t<figcaption class=\"widget-image-caption wp-caption-text\"><\/figcaption>\n\t\t\t\t\t\t\t\t\t\t<\/figure>\n\t\t\t\t\t\t\t\t\t<\/div>\n\t\t\t\t<\/div>\n\t\t\t\t\t<\/div>\n\t\t<\/div>\n\t\t\t\t\t<\/div>\n\t\t<\/section>\n\t\t\t\t<section class=\"elementor-section elementor-top-section elementor-element elementor-element-7783927 elementor-section-boxed elementor-section-height-default elementor-section-height-default\" data-id=\"7783927\" data-element_type=\"section\">\n\t\t\t\t\t\t<div class=\"elementor-container elementor-column-gap-default\">\n\t\t\t\t\t<div class=\"elementor-column elementor-col-100 elementor-top-column elementor-element elementor-element-8f64718\" data-id=\"8f64718\" data-element_type=\"column\">\n\t\t\t<div class=\"elementor-widget-wrap elementor-element-populated\">\n\t\t\t\t\t\t<div class=\"elementor-element elementor-element-b108329 elementor-widget elementor-widget-heading\" data-id=\"b108329\" data-element_type=\"widget\" data-widget_type=\"heading.default\">\n\t\t\t\t<div class=\"elementor-widget-container\">\n\t\t\t\t\t<h2 class=\"elementor-heading-title elementor-size-medium\">La naci\u00f3n m\u00e1s tur\u00edstica pero una de las menos evangelizada.<\/h2>\t\t\t\t<\/div>\n\t\t\t\t<\/div>\n\t\t\t\t\t<\/div>\n\t\t<\/div>\n\t\t\t\t\t<\/div>\n\t\t<\/section>\n\t\t\t\t<section class=\"elementor-section elementor-top-section elementor-element elementor-element-6212ceb elementor-section-boxed elementor-section-height-default elementor-section-height-default\" data-id=\"6212ceb\" data-element_type=\"section\">\n\t\t\t\t\t\t<div class=\"elementor-container elementor-column-gap-default\">\n\t\t\t\t\t<div class=\"elementor-column elementor-col-100 elementor-top-column elementor-element elementor-element-fee21c5\" data-id=\"fee21c5\" data-element_type=\"column\">\n\t\t\t<div class=\"elementor-widget-wrap elementor-element-populated\">\n\t\t\t\t\t\t<div class=\"elementor-element elementor-element-3feaad4 elementor-widget elementor-widget-text-editor\" data-id=\"3feaad4\" data-element_type=\"widget\" data-widget_type=\"text-editor.default\">\n\t\t\t\t<div class=\"elementor-widget-container\">\n\t\t\t\t\t\t\t\t\t<p>La mayor\u00eda de los cristianos conocen el encanto y la belleza de Francia, pero muy pocos entienden la profunda necesidad espiritual de la que es una de las naciones menos evangelizadas de la tierra. Mientras que Francia es realmente hermosa y atractiva, a nivel espiritual es un lugar oscuro y poco atractivo.\u00a0 Los franceses se han vuelto en gran parte no religiosos mientras que los musulmanes est\u00e1n creciendo r\u00e1pidamente en n\u00famero e incluso convirtiendo catedrales no utilizadas en mezquitas.\u00a0 La necesidad de obreros cristianos nunca ha sido tan grande.\u00a0 Como misioneros que desean profundamente dar a conocer a Cristo, nuestra oraci\u00f3n es que m\u00e1s seguidores de Jes\u00fas se sientan movidos a actuar de alguna manera para apoyar los esfuerzos por propagar el mensaje del evangelio en esta naci\u00f3n, ya sea a trav\u00e9s de la oraci\u00f3n de intercesi\u00f3n, o con el apoyo financiero.\u00a0 Y porque no, viniendo Francia.<\/p>\t\t\t\t\t\t\t\t<\/div>\n\t\t\t\t<\/div>\n\t\t\t\t\t<\/div>\n\t\t<\/div>\n\t\t\t\t\t<\/div>\n\t\t<\/section>\n\t\t\t\t<section class=\"elementor-section elementor-top-section elementor-element elementor-element-edf3a80 elementor-section-boxed elementor-section-height-default elementor-section-height-default\" data-id=\"edf3a80\" data-element_type=\"section\">\n\t\t\t\t\t\t<div class=\"elementor-container elementor-column-gap-default\">\n\t\t\t\t\t<div class=\"elementor-column elementor-col-100 elementor-top-column elementor-element elementor-element-ef3d97f\" data-id=\"ef3d97f\" data-element_type=\"column\">\n\t\t\t<div class=\"elementor-widget-wrap elementor-element-populated\">\n\t\t\t\t\t\t<div class=\"elementor-element elementor-element-2fa6d45 elementor-widget elementor-widget-heading\" data-id=\"2fa6d45\" data-element_type=\"widget\" data-widget_type=\"heading.default\">\n\t\t\t\t<div class=\"elementor-widget-container\">\n\t\t\t\t\t<h2 class=\"elementor-heading-title elementor-size-medium\">Francia tiene la cuarta poblaci\u00f3n atea m\u00e1s grande del mundo.<\/h2>\t\t\t\t<\/div>\n\t\t\t\t<\/div>\n\t\t\t\t\t<\/div>\n\t\t<\/div>\n\t\t\t\t\t<\/div>\n\t\t<\/section>\n\t\t\t\t<section class=\"elementor-section elementor-top-section elementor-element elementor-element-65e4114 elementor-section-boxed elementor-section-height-default elementor-section-height-default\" data-id=\"65e4114\" data-element_type=\"section\">\n\t\t\t\t\t\t<div class=\"elementor-container elementor-column-gap-default\">\n\t\t\t\t\t<div class=\"elementor-column elementor-col-100 elementor-top-column elementor-element elementor-element-672cb05\" data-id=\"672cb05\" data-element_type=\"column\">\n\t\t\t<div class=\"elementor-widget-wrap elementor-element-populated\">\n\t\t\t\t\t\t<div class=\"elementor-element elementor-element-ed8f4fd elementor-widget elementor-widget-text-editor\" data-id=\"ed8f4fd\" data-element_type=\"widget\" data-widget_type=\"text-editor.default\">\n\t\t\t\t<div class=\"elementor-widget-container\">\n\t\t\t\t\t\t\t\t\t<p>En las encuestas, el 40-50% de la poblaci\u00f3n dice que no cree en Dios, incluyendo a los ateos, agn\u00f3sticos y aquellos que dicen ser simplemente &#8220;no creyentes&#8221; en Dios.\u00a0 Eso es entre 25 y 32 millones de personas. Alrededor del 30% de la poblaci\u00f3n afirma que se consideran &#8220;ateos convencidos&#8221;.\u00a0 \u00a0 En este pa\u00eds con una larga historia religiosa dolorosa, la reputaci\u00f3n del cristianismo como sistema religioso es m\u00e1s bien negativa.\u00a0 Y la actitud hacia el evangelio muchas veces es de resistencia, o incluso desprecio, porque se le juzga a trav\u00e9s de la experiencia pasada con la religi\u00f3n.\u00a0 Hoy en d\u00eda, las creencias y valores cristianos son considerados como obst\u00e1culos para el pensamiento progresista en Francia.\u00a0\u00a0<\/p>\t\t\t\t\t\t\t\t<\/div>\n\t\t\t\t<\/div>\n\t\t\t\t\t<\/div>\n\t\t<\/div>\n\t\t\t\t\t<\/div>\n\t\t<\/section>\n\t\t\t\t<section class=\"elementor-section elementor-top-section elementor-element elementor-element-3d60d76 elementor-section-boxed elementor-section-height-default elementor-section-height-default\" data-id=\"3d60d76\" data-element_type=\"section\">\n\t\t\t\t\t\t<div class=\"elementor-container elementor-column-gap-default\">\n\t\t\t\t\t<div class=\"elementor-column elementor-col-100 elementor-top-column elementor-element elementor-element-eec71a7\" data-id=\"eec71a7\" data-element_type=\"column\">\n\t\t\t<div class=\"elementor-widget-wrap elementor-element-populated\">\n\t\t\t\t\t\t<div class=\"elementor-element elementor-element-e567be6 elementor-widget elementor-widget-heading\" data-id=\"e567be6\" data-element_type=\"widget\" data-widget_type=\"heading.default\">\n\t\t\t\t<div class=\"elementor-widget-container\">\n\t\t\t\t\t<h2 class=\"elementor-heading-title elementor-size-medium\">La mayor\u00eda de los franceses no tienen ninguna conexi\u00f3n con ninguna comunidad de creyentes.<\/h2>\t\t\t\t<\/div>\n\t\t\t\t<\/div>\n\t\t\t\t\t<\/div>\n\t\t<\/div>\n\t\t\t\t\t<\/div>\n\t\t<\/section>\n\t\t\t\t<section class=\"elementor-section elementor-top-section elementor-element elementor-element-1bec982 elementor-section-boxed elementor-section-height-default elementor-section-height-default\" data-id=\"1bec982\" data-element_type=\"section\">\n\t\t\t\t\t\t<div class=\"elementor-container elementor-column-gap-default\">\n\t\t\t\t\t<div class=\"elementor-column elementor-col-100 elementor-top-column elementor-element elementor-element-9563ead\" data-id=\"9563ead\" data-element_type=\"column\">\n\t\t\t<div class=\"elementor-widget-wrap elementor-element-populated\">\n\t\t\t\t\t\t<div class=\"elementor-element elementor-element-58bc27a elementor-widget elementor-widget-text-editor\" data-id=\"58bc27a\" data-element_type=\"widget\" data-widget_type=\"text-editor.default\">\n\t\t\t\t<div class=\"elementor-widget-container\">\n\t\t\t\t\t\t\t\t\t<p>Muy pocos de los 65 millones de personas de Francia tienen alguna comprensi\u00f3n de las Buenas Nuevas del evangelio. Se estima que hasta 50 millones de franceses no tienen ning\u00fan v\u00ednculo real con ninguna comunidad de creyentes.\u00a0<\/p><p>Las congregaciones evang\u00e9licas presentes en Francia son muy peque\u00f1as, especialmente comparadas con muchas en los Estados Unidos o Latinoam\u00e9rica, o incluso los pa\u00edses vecinos de Europa.\u00a0 Las iglesias m\u00e1s grandes se concentran solo en ciertas regiones especificas del pa\u00eds, y que su crecimiento se debe m\u00e1s a la circulaci\u00f3n de personas que prefieren las iglesias grandes que a nuevos convertidos.\u00a0 Lo normal es que u<span style=\"font-size: 0.875rem;\">na gran iglesia evang\u00e9lica en Francia puede constar de s\u00f3lo 50-60 asistentes regulares, pero la realidad es que la gran mayor\u00eda de l<\/span><span style=\"font-size: 0.875rem;\">a iglesias no superan m\u00e1s all\u00e1 de las 20 personas.\u00a0\u00a0<\/span><\/p><p>La Biblia es ajena a la mayor\u00eda de los franceses, menos del 10% posee una Biblia y el 80% nunca ha tomado una en sus manos.<\/p><p><span style=\"font-size: 0.875rem;\">La triste realidad<\/span><span style=\"font-size: 0.875rem;\">\u00a0hoy\u00a0<\/span>es que la mayor\u00eda de los franceses tienen una profunda ignorancia o indiferencia hacia el evangelio, y nunca lo han sido expuestos de manera significativa.\u00a0\u00a0<span style=\"font-size: 0.875rem;\">El cristianismo sigue siendo un territorio pr\u00e1cticamente desconocido para la gran mayor\u00eda.<\/span><span style=\"font-size: 0.875rem;\"><br \/><\/span><\/p>\t\t\t\t\t\t\t\t<\/div>\n\t\t\t\t<\/div>\n\t\t\t\t\t<\/div>\n\t\t<\/div>\n\t\t\t\t\t<\/div>\n\t\t<\/section>\n\t\t\t\t<section class=\"elementor-section elementor-top-section elementor-element elementor-element-cfb7ae0 elementor-section-boxed elementor-section-height-default elementor-section-height-default\" data-id=\"cfb7ae0\" data-element_type=\"section\">\n\t\t\t\t\t\t<div class=\"elementor-container elementor-column-gap-default\">\n\t\t\t\t\t<div class=\"elementor-column elementor-col-100 elementor-top-column elementor-element elementor-element-70faa7c\" data-id=\"70faa7c\" data-element_type=\"column\">\n\t\t\t<div class=\"elementor-widget-wrap elementor-element-populated\">\n\t\t\t\t\t\t<div class=\"elementor-element elementor-element-e4683eb elementor-widget elementor-widget-heading\" data-id=\"e4683eb\" data-element_type=\"widget\" data-widget_type=\"heading.default\">\n\t\t\t\t<div class=\"elementor-widget-container\">\n\t\t\t\t\t<h2 class=\"elementor-heading-title elementor-size-medium\">En la actualidad hay al menos 10 musulmanes en Francia por cada cristiano evang\u00e9lico.<\/h2>\t\t\t\t<\/div>\n\t\t\t\t<\/div>\n\t\t\t\t\t<\/div>\n\t\t<\/div>\n\t\t\t\t\t<\/div>\n\t\t<\/section>\n\t\t\t\t<section class=\"elementor-section elementor-top-section elementor-element elementor-element-4b335bb elementor-section-boxed elementor-section-height-default elementor-section-height-default\" data-id=\"4b335bb\" data-element_type=\"section\">\n\t\t\t\t\t\t<div class=\"elementor-container elementor-column-gap-default\">\n\t\t\t\t\t<div class=\"elementor-column elementor-col-100 elementor-top-column elementor-element elementor-element-bcb2142\" data-id=\"bcb2142\" data-element_type=\"column\">\n\t\t\t<div class=\"elementor-widget-wrap elementor-element-populated\">\n\t\t\t\t\t\t<div class=\"elementor-element elementor-element-7918c51 elementor-widget elementor-widget-text-editor\" data-id=\"7918c51\" data-element_type=\"widget\" data-widget_type=\"text-editor.default\">\n\t\t\t\t<div class=\"elementor-widget-container\">\n\t\t\t\t\t\t\t\t\t<p>El Islam se ha convertido en la segunda religi\u00f3n de Francia. Los musulmanes ahora constituyen alrededor del 10% de toda la poblaci\u00f3n, unos 6 millones de personas. La mayor\u00eda son de \u00c1frica y el Medio Oriente. Lamentablemente, alrededor de 150.000 son conversos franceses.\u00a0\u00a0<\/p><p><span style=\"font-size: 0.875rem;\">Los norte-africanos son alrededor del 10% de la poblaci\u00f3n total y los de africa central y occidental un 5% adicional. La mayor\u00eda de los inmigrantes africanos son musulmanes. Hay 8 &#8220;Grandes Mezquitas&#8221; en Francia, 120 mezquitas m\u00e1s peque\u00f1as con capacidad para 200-1.000 personas, y m\u00e1s de 1.000 otros lugares de culto musulmanes.\u00a0<\/span><\/p>\t\t\t\t\t\t\t\t<\/div>\n\t\t\t\t<\/div>\n\t\t\t\t\t<\/div>\n\t\t<\/div>\n\t\t\t\t\t<\/div>\n\t\t<\/section>\n\t\t\t\t<section class=\"elementor-section elementor-top-section elementor-element elementor-element-ae8740d elementor-section-boxed elementor-section-height-default elementor-section-height-default\" data-id=\"ae8740d\" data-element_type=\"section\">\n\t\t\t\t\t\t<div class=\"elementor-container elementor-column-gap-default\">\n\t\t\t\t\t<div class=\"elementor-column elementor-col-100 elementor-top-column elementor-element elementor-element-0c658fb\" data-id=\"0c658fb\" data-element_type=\"column\">\n\t\t\t<div class=\"elementor-widget-wrap elementor-element-populated\">\n\t\t\t\t\t\t<div class=\"elementor-element elementor-element-70ff79a elementor-widget elementor-widget-heading\" data-id=\"70ff79a\" data-element_type=\"widget\" data-widget_type=\"heading.default\">\n\t\t\t\t<div class=\"elementor-widget-container\">\n\t\t\t\t\t<h2 class=\"elementor-heading-title elementor-size-medium\">De toda la poblaci\u00f3n, s\u00f3lo el 5% asiste regularmente a la misa cat\u00f3lica.<\/h2>\t\t\t\t<\/div>\n\t\t\t\t<\/div>\n\t\t\t\t\t<\/div>\n\t\t<\/div>\n\t\t\t\t\t<\/div>\n\t\t<\/section>\n\t\t\t\t<section class=\"elementor-section elementor-top-section elementor-element elementor-element-828931f elementor-section-boxed elementor-section-height-default elementor-section-height-default\" data-id=\"828931f\" data-element_type=\"section\">\n\t\t\t\t\t\t<div class=\"elementor-container elementor-column-gap-default\">\n\t\t\t\t\t<div class=\"elementor-column elementor-col-100 elementor-top-column elementor-element elementor-element-3c05d99\" data-id=\"3c05d99\" data-element_type=\"column\">\n\t\t\t<div class=\"elementor-widget-wrap elementor-element-populated\">\n\t\t\t\t\t\t<div class=\"elementor-element elementor-element-302e971 elementor-widget elementor-widget-text-editor\" data-id=\"302e971\" data-element_type=\"widget\" data-widget_type=\"text-editor.default\">\n\t\t\t\t<div class=\"elementor-widget-container\">\n\t\t\t\t\t\t\t\t\t<p>Pocas personas adivinar\u00edan que hoy en d\u00eda s\u00f3lo alrededor del 50% de la poblaci\u00f3n francesa a\u00fan se identifica con el catolicismo, pero solo el 5% es practicante.<\/p><p>La iglesia cat\u00f3lica ha estado en un r\u00e1pido declive desde la d\u00e9cada de 1980 y ha perdido gran parte de su influencia en la sociedad francesa. En 1976 hab\u00eda 41.000 sacerdotes cat\u00f3licos romanos en Francia. En 1995 s\u00f3lo hab\u00eda 28.000. Hoy en d\u00eda, la mayor\u00eda de los sacerdotes son ancianos y hay pocos j\u00f3venes para llenar el vac\u00edo. Cada sacerdote tiene ahora la dif\u00edcil tarea de tratar de servir a un n\u00famero cada vez mayor de comunidades.\u00a0<\/p>\t\t\t\t\t\t\t\t<\/div>\n\t\t\t\t<\/div>\n\t\t\t\t\t<\/div>\n\t\t<\/div>\n\t\t\t\t\t<\/div>\n\t\t<\/section>\n\t\t\t\t<section class=\"elementor-section elementor-top-section elementor-element elementor-element-9c6662a elementor-section-boxed elementor-section-height-default elementor-section-height-default\" data-id=\"9c6662a\" data-element_type=\"section\">\n\t\t\t\t\t\t<div class=\"elementor-container elementor-column-gap-default\">\n\t\t\t\t\t<div class=\"elementor-column elementor-col-100 elementor-top-column elementor-element elementor-element-037859a\" data-id=\"037859a\" data-element_type=\"column\">\n\t\t\t<div class=\"elementor-widget-wrap elementor-element-populated\">\n\t\t\t\t\t\t<div class=\"elementor-element elementor-element-1a28f30 elementor-widget elementor-widget-heading\" data-id=\"1a28f30\" data-element_type=\"widget\" data-widget_type=\"heading.default\">\n\t\t\t\t<div class=\"elementor-widget-container\">\n\t\t\t\t\t<h2 class=\"elementor-heading-title elementor-size-medium\">Hay 10 veces m\u00e1s personas que se ganan la vida con pr\u00e1cticas ocultas que la cantidad de pastores y misioneros. <\/h2>\t\t\t\t<\/div>\n\t\t\t\t<\/div>\n\t\t\t\t\t<\/div>\n\t\t<\/div>\n\t\t\t\t\t<\/div>\n\t\t<\/section>\n\t\t\t\t<section class=\"elementor-section elementor-top-section elementor-element elementor-element-b28eef5 elementor-section-boxed elementor-section-height-default elementor-section-height-default\" data-id=\"b28eef5\" data-element_type=\"section\">\n\t\t\t\t\t\t<div class=\"elementor-container elementor-column-gap-default\">\n\t\t\t\t\t<div class=\"elementor-column elementor-col-100 elementor-top-column elementor-element elementor-element-6cef538\" data-id=\"6cef538\" data-element_type=\"column\">\n\t\t\t<div class=\"elementor-widget-wrap elementor-element-populated\">\n\t\t\t\t\t\t<div class=\"elementor-element elementor-element-ff13964 elementor-widget elementor-widget-text-editor\" data-id=\"ff13964\" data-element_type=\"widget\" data-widget_type=\"text-editor.default\">\n\t\t\t\t<div class=\"elementor-widget-container\">\n\t\t\t\t\t\t\t\t\t<p>Alrededor de la mitad de la poblaci\u00f3n francesa cree en alguna forma de curander\u00eda, y una cuarta parte pone su fe en los clarividentes o la astrolog\u00eda. Se estima que 10 millones de personas gastan alrededor de 30 mil millones de d\u00f3lares cada a\u00f1o en consultas de ocultismo, eso es tres veces la cantidad pagada a sus m\u00e9dicos de familia. Hay m\u00e1s de 30.000 m\u00e9diums y curanderos espirituales registrados en Francia.\u00a0 Las practicas mezcladas de budismo, nueva era y todo tipo de misticismo son m\u00e1s com\u00fan de lo que uno se pudiera imaginar.\u00a0 \u00a0Y no s\u00f3lo eso, pero son mucho m\u00e1s aceptados que el evangelio!<\/p><p>\u00a0<\/p><p>\u00a0<\/p>\t\t\t\t\t\t\t\t<\/div>\n\t\t\t\t<\/div>\n\t\t\t\t\t<\/div>\n\t\t<\/div>\n\t\t\t\t\t<\/div>\n\t\t<\/section>\n\t\t\t\t<section class=\"elementor-section elementor-top-section elementor-element elementor-element-82cd622 elementor-section-boxed elementor-section-height-default elementor-section-height-default\" data-id=\"82cd622\" data-element_type=\"section\">\n\t\t\t\t\t\t<div class=\"elementor-container elementor-column-gap-default\">\n\t\t\t\t\t<div class=\"elementor-column elementor-col-100 elementor-top-column elementor-element elementor-element-2dbca6a\" data-id=\"2dbca6a\" data-element_type=\"column\">\n\t\t\t<div class=\"elementor-widget-wrap elementor-element-populated\">\n\t\t\t\t\t\t<div class=\"elementor-element elementor-element-6eca898 elementor-widget elementor-widget-heading\" data-id=\"6eca898\" data-element_type=\"widget\" data-widget_type=\"heading.default\">\n\t\t\t\t<div class=\"elementor-widget-container\">\n\t\t\t\t\t<h2 class=\"elementor-heading-title elementor-size-large\">Con los grandes desaf\u00edos vienen grandes oportunidades.<\/h2>\t\t\t\t<\/div>\n\t\t\t\t<\/div>\n\t\t\t\t\t<\/div>\n\t\t<\/div>\n\t\t\t\t\t<\/div>\n\t\t<\/section>\n\t\t\t\t<section class=\"elementor-section elementor-top-section elementor-element elementor-element-a4d209c elementor-section-boxed elementor-section-height-default elementor-section-height-default\" data-id=\"a4d209c\" data-element_type=\"section\">\n\t\t\t\t\t\t<div class=\"elementor-container elementor-column-gap-default\">\n\t\t\t\t\t<div class=\"elementor-column elementor-col-100 elementor-top-column elementor-element elementor-element-324da3f\" data-id=\"324da3f\" data-element_type=\"column\">\n\t\t\t<div class=\"elementor-widget-wrap elementor-element-populated\">\n\t\t\t\t\t\t<div class=\"elementor-element elementor-element-6d318bf elementor-widget elementor-widget-text-editor\" data-id=\"6d318bf\" data-element_type=\"widget\" data-widget_type=\"text-editor.default\">\n\t\t\t\t<div class=\"elementor-widget-container\">\n\t\t\t\t\t\t\t\t\t<p>\u00bfLas buenas noticias? El enorme aumento de inmigrantes de \u00c1frica, m\u00e1s de 1,5 millones de los cuales son de pa\u00edses musulmanes cerrados, presenta una incre\u00edble oportunidad para los creyentes y misioneros. La libertad de religi\u00f3n en Francia ofrece la oportunidad de alcanzar a los no alcanzados que llegan a Francia y as\u00ed propagar el mensaje del evangelio a lugares donde nunca antes ha estado.\u00a0 Es cierto hay leyes que limitan la evangelizaci\u00f3n si lo comparamos con latinoam\u00e9rica y otros lugares.\u00a0 Sin embargo, hay much\u00edsimas maneras de llegar al coraz\u00f3n de las personas con las buenas noticias del Reino de Dios.\u00a0<\/p><p>Adem\u00e1s, dado que Francia es el tercer destino de estudios en el extranjero m\u00e1s popular del mundo, ya que acoge al 7% de los estudiantes de intercambio anuales del mundo, existe una incre\u00edble oportunidad de alcanzar a los j\u00f3venes con el evangelio. Dado que la mayor\u00eda de las personas aceptan a Cristo antes de los 21 a\u00f1os y toman decisiones importantes sobre qui\u00e9nes son y en qu\u00e9 creen en la vida, el ministerio entre estudiantes es cada vez m\u00e1s importante en Francia. De 2 millones de estudiantes universitarios en Francia, 270.000 vienen de otros pa\u00edses. Muchos estudiantes vienen de pa\u00edses cerrados como China y Marruecos. El testimonio efectivo de estos grupos puede tener importantes implicaciones mundiales.\u00a0\u00a0<\/p><p><span style=\"font-size: 0.875rem;\">Tambi\u00e9n es muy alentador, es que la mayor\u00eda de los franceses bajo los 40 a\u00f1os de edad parecen ser las personas m\u00e1s receptivas.\u00a0 \u00a0Ellos crecieron en un ambiente y cultura post cristiana y con un vac\u00edo espiritual, y hoy muchos de ellos est\u00e1n en b\u00fasqueda de un verdadero sentido de la vida.<\/span><\/p>\t\t\t\t\t\t\t\t<\/div>\n\t\t\t\t<\/div>\n\t\t\t\t\t<\/div>\n\t\t<\/div>\n\t\t\t\t\t<\/div>\n\t\t<\/section>\n\t\t\t\t<section class=\"elementor-section elementor-top-section elementor-element elementor-element-3c9736c elementor-section-boxed elementor-section-height-default elementor-section-height-default\" data-id=\"3c9736c\" data-element_type=\"section\">\n\t\t\t\t\t\t<div class=\"elementor-container elementor-column-gap-default\">\n\t\t\t\t\t<div class=\"elementor-column elementor-col-100 elementor-top-column elementor-element elementor-element-e544149\" data-id=\"e544149\" data-element_type=\"column\">\n\t\t\t<div class=\"elementor-widget-wrap elementor-element-populated\">\n\t\t\t\t\t\t<div class=\"elementor-element elementor-element-33dca3d elementor-widget-divider--view-line elementor-widget elementor-widget-divider\" data-id=\"33dca3d\" data-element_type=\"widget\" data-widget_type=\"divider.default\">\n\t\t\t\t<div class=\"elementor-widget-container\">\n\t\t\t\t\t\t\t<div class=\"elementor-divider\">\n\t\t\t<span class=\"elementor-divider-separator\">\n\t\t\t\t\t\t<\/span>\n\t\t<\/div>\n\t\t\t\t\t\t<\/div>\n\t\t\t\t<\/div>\n\t\t\t\t\t<\/div>\n\t\t<\/div>\n\t\t\t\t\t<\/div>\n\t\t<\/section>\n\t\t\t\t<section class=\"elementor-section elementor-top-section elementor-element elementor-element-bb5410d elementor-section-boxed elementor-section-height-default elementor-section-height-default\" data-id=\"bb5410d\" data-element_type=\"section\">\n\t\t\t\t\t\t<div class=\"elementor-container elementor-column-gap-default\">\n\t\t\t\t\t<div class=\"elementor-column elementor-col-100 elementor-top-column elementor-element elementor-element-53778db\" data-id=\"53778db\" data-element_type=\"column\">\n\t\t\t<div class=\"elementor-widget-wrap elementor-element-populated\">\n\t\t\t\t\t\t<div class=\"elementor-element elementor-element-ac96748 elementor-button-info elementor-align-center elementor-widget elementor-widget-button\" data-id=\"ac96748\" data-element_type=\"widget\" data-widget_type=\"button.default\">\n\t\t\t\t<div class=\"elementor-widget-container\">\n\t\t\t\t\t\t\t\t\t<div class=\"elementor-button-wrapper\">\n\t\t\t\t\t<a class=\"elementor-button elementor-button-link elementor-size-md\" href=\"https:\/\/www.followthewaymission.com\/es\/\">\n\t\t\t\t\t\t<span class=\"elementor-button-content-wrapper\">\n\t\t\t\t\t\t\t\t\t<span class=\"elementor-button-text\">Volver a la p\u00e1gina anterior<\/span>\n\t\t\t\t\t<\/span>\n\t\t\t\t\t<\/a>\n\t\t\t\t<\/div>\n\t\t\t\t\t\t\t\t<\/div>\n\t\t\t\t<\/div>\n\t\t\t\t\t<\/div>\n\t\t<\/div>\n\t\t\t\t\t<\/div>\n\t\t<\/section>\n\t\t\t\t<\/div>\n\t\t","protected":false},"excerpt":{"rendered":"<p>La naci\u00f3n m\u00e1s tur\u00edstica pero una de las menos evangelizada. La mayor\u00eda de los cristianos conocen el encanto y la belleza de Francia, pero muy pocos entienden la profunda necesidad &#8230;<\/p>\n","protected":false},"author":1,"featured_media":0,"parent":0,"menu_order":0,"comment_status":"closed","ping_status":"closed","template":"","meta":{"footnotes":""},"class_list":["post-1878","page","type-page","status-publish","hentry"],"_links":{"self":[{"href":"https:\/\/followthewaymission.com\/en\/wp-json\/wp\/v2\/pages\/1878","targetHints":{"allow":["GET"]}}],"collection":[{"href":"https:\/\/followthewaymission.com\/en\/wp-json\/wp\/v2\/pages"}],"about":[{"href":"https:\/\/followthewaymission.com\/en\/wp-json\/wp\/v2\/types\/page"}],"author":[{"embeddable":true,"href":"https:\/\/followthewaymission.com\/en\/wp-json\/wp\/v2\/users\/1"}],"replies":[{"embeddable":true,"href":"https:\/\/followthewaymission.com\/en\/wp-json\/wp\/v2\/comments?post=1878"}],"version-history":[{"count":21,"href":"https:\/\/followthewaymission.com\/en\/wp-json\/wp\/v2\/pages\/1878\/revisions"}],"predecessor-version":[{"id":2147,"href":"https:\/\/followthewaymission.com\/en\/wp-json\/wp\/v2\/pages\/1878\/revisions\/2147"}],"wp:attachment":[{"href":"https:\/\/followthewaymission.com\/en\/wp-json\/wp\/v2\/media?parent=1878"}],"curies":[{"name":"wp","href":"https:\/\/api.w.org\/{rel}","templated":true}]}}